{"id":55494,"date":"2026-02-06T13:30:15","date_gmt":"2026-02-06T10:30:15","guid":{"rendered":"https:\/\/lepnaelekter.ee\/?page_id=55494"},"modified":"2026-02-06T13:30:15","modified_gmt":"2026-02-06T10:30:15","slug":"privaatsustingimused","status":"publish","type":"page","link":"https:\/\/lepnaelekter.ee\/?page_id=55494","title":{"rendered":"Privaatsustingimused"},"content":{"rendered":"<section id=\"newpage\" data-index=1><div>\n                        <h1>Privaatsustingimused<\/h1>\n                        <div><div><p>K\u00e4esolevad andmete t\u00f6\u00f6tlemise p\u00f5him\u00f5tted on kehtivad meie (<a href=\"https:\/\/lepnaelekter.ee\">https:\/\/lepnaelekter.ee<\/a>)  veebilehe kasutajatele ja veebisaidil esitletud teenuste kasutajatele.<\/p>\n<p>K\u00e4esolev veebileht <a href=\"https:\/\/lepnaelekter.ee\">https:\/\/lepnaelekter.ee<\/a> kuulub LEPNA ELEKTER O\u00dc-le (registrikood 10294020). Me  t\u00f6\u00f6tleme isikuandmeid vastavalt EV Andmekaitse Inspektsiooni ja Euroopa Parlamendi ja N\u00f5ukogu M\u00e4\u00e4rusele (EL) 2016\/679 ning kogume veebilehe kasutajate andmeid turunduslikul eesm\u00e4rgil. Edastame Teiega seotud andmed kolmandatele osapooltele vaid seaduses s\u00e4testatud juhtudel.<\/p>\n<p><strong>Andmete kogumine, t\u00f6\u00f6tlemine ja kasutamine<\/strong><\/p>\n<p>Kogume isikute kontaktandmeid meie poolt pakutavate teenuste ja toodete osas p\u00e4ringute tegemisel, teenuste broneerimisel ja kasutamisel. Kasutame saadud andmeid teenusest huvitatud isikutega kontakteerumiseks, teenuse osutamiseks kehtivates \u00f5igusaktides s\u00e4testatud korras. Lisaks kasutame kogutud andmeid teenuse arendamiseks ja raamatupidamise aruandluse korraldamiseks. Lisaks kasutame klientidega suhtluse ning teenuse osutamise k\u00e4igus kogutud teavet ka statistilistel eesm\u00e4rkidel.<\/p>\n<p>Kogutud isikuandmete s\u00e4ilitamise periood s\u00f5ltub andmet\u00f6\u00f6tluse eesm\u00e4rgist. Andmeid s\u00e4ilitatakse nii kaua, kui see on kavandatud eesm\u00e4rgi saavutamiseks vajalik. S\u00e4ilitame isikute kohta kogutud andmeid kehtivatest \u00f5igusaktidest tulenevate n\u00f5uete aegumiseni v\u00f5i \u00f5igusaktidest tulenevate dokumentide s\u00e4ilitust\u00e4htaja saabumiseni vastavalt k\u00e4ibemaksu- ja raamatupidamise seadusele kuni 7 aastat. Andmete t\u00f6\u00f6tlemisel kasutame vajalikke turvameetmeid, et andmeid saaksid k\u00e4idelda vaid selleks volitatud isikud.<\/p>\n<p><strong>K\u00fcpsised \/ Cookie\u2019d \/ pluginad<\/strong><\/p>\n<p>Kasutajate paremaks teenindamiseks kasutame k\u00fcpsiseid ehk cookie\u2019sid. Cookie salvestatakse kasutaja arvutisse meie veebilehe k\u00fclastamisel (v\u00e4ike tekstifail) kujul. Kui olete meie saiti varem k\u00fclastanud, siis loetakse sellest failist teie varasemaid <a href=\"https:\/\/lepnaelekter.ee\">https:\/\/lepnaelekter.ee<\/a> kasutamise andmeid. K\u00fcpsised annavad v\u00f5imaluse parandada meie veebilehe sisu ja kasutusmugavust. K\u00fcpsiste\/ Cookie\u2019de abil muudame erinevate teenusefunktsioonide (nt varasemate k\u00fclastuste tuvastamise) abil meie veebisaidi kasutamise ka teile lihtsamaks ning suudame paremini kohandada veebilehe teie vajadustele vastavaks.<\/p>\n<p>Tehniliselt vajalike k\u00fcpsiste kasutamise aluseks on isikuandmete kaitse \u00fcldm\u00e4\u00e4ruse artikli 6 l\u00f5ike 1 punkt f. Meie \u00f5igustatud huviks on meie veebilehe teatud funktsioone t\u00e4iustada ja tagada meie veebisaitide turvalisus ning terviklikkus. Saate keelata k\u00fcpsiste salvestamise ja kustutada juba olemasolevaid k\u00fcpsiseid, muutes vastavalt oma brauseri seadeid. Kui te Cookisi\u2019d\/ k\u00fcpsiseid salvestada ei luba, v\u00f5ib see kahjustada internetipakkumiste teenusefunktsioone. Seep\u00e4rast soovitame j\u00e4tta k\u00fcpsiste funktsiooni sissel\u00fclitatuks. Klikkides meie veebilehel nuppu \u201cN\u00f5ustun\u201d n\u00f5ustute te isikuandmete t\u00f6\u00f6tlemisega.<\/p>\n<p>Kasutaja \u00f5igused seoses meie poolt kogutud andmetega<\/p>\n<p>Kasutajal on \u00f5igus saada enda kohta teavet kogutud isikustatud andmete kasutamise kohta vastavalt kehtivates \u00f5igusaktides s\u00e4testatud korrale. Andmete t\u00f6\u00f6tlemist, edastamist ja s\u00e4ilitamist reguleerivad vastava seaduse s\u00e4tted. Euroopa Parlamendi ja N\u00f5ukogu m\u00e4\u00e4rus (EL) 2016\/679, millega kehtestati \u00fchtne andmekaitseraamistik kogu Euroopa Liidus.<\/p>\n<p>Kasutajatel on eelnimetatud tegevustest alati \u00f5igus keelduda, enne kui andmeid rendifirmas loetakse. Kasutajal on ka \u00f5igus n\u00f5ustuda v\u00f5i siis keelata oma isikuandmete kasutamine turunduslikel eesm\u00e4rkidel. Teil on \u00f5igus mitte lubada oma andmeid t\u00f6\u00f6delda, kui teie andmeid kasutatakse otseturunduse eesm\u00e4rgil. Kui te ei luba oma andmeid t\u00f6\u00f6delda, palun andke meile teada oma keeldumise p\u00f5hjus.<\/p>\n<p>Kasutajal on igal ajahetkel \u00f5igus loobuda isikustatud turunduslike teadete saamisest. \u00d5igus n\u00f5usoleku tagasiv\u00f5tmisele<strong> -<\/strong> Kui andmete t\u00f6\u00f6tlemine p\u00f5hineb n\u00f5usolekul, on teil \u00f5igus oma n\u00f5usolek andmete t\u00f6\u00f6tlemiseks tagasi v\u00f5tta mis tahes hetkel ja tasuta.<\/p>\n<p><strong>\u00d5igus esitada kaebus<\/strong> <strong>v\u00f5i vastuv\u00e4iteid<\/strong><br \/>Kui olete arvamusel, et me ei ole j\u00e4rginud teie andmete t\u00f6\u00f6tlemisel andmekaitse-eeskirjade s\u00e4tteid, v\u00f5ite esitada kaebuse oma isikuandmete t\u00f6\u00f6tlemise kohta isikuandmete kaitsega tegelevale j\u00e4relevalveasutusele, kelle ees me kanname vastutust.<\/p>\n<p>K\u00f5ikide isikuandmeid puudutavate k\u00fcsimuste korral palume p\u00f6\u00f6rduda meie poole kirjalikult e-posti teel <a href=\"mailto:info@lepnaelekter.ee\">info@lepnaelekter.ee<\/a><\/p>\nLEPNA ELEKTER O\u00dc j\u00e4tab endale \u00f5iguse k\u00e4esolevaid andmete t\u00f6\u00f6tlemise p\u00f5him\u00f5tteid muuta ilma etteteatamiseta, mille kohta avaldame vastava info meie veebilehel <a href=\"https:\/\/lepnaelekter.ee\">https:\/\/lepnaelekter.ee<\/a>.<\/div><\/div>\n                    <\/div><\/section>\n","protected":false},"excerpt":{"rendered":"","protected":false},"author":10,"featured_media":0,"parent":0,"menu_order":0,"comment_status":"closed","ping_status":"closed","template":"","meta":{"footnotes":""},"class_list":["post-55494","page","type-page","status-publish","hentry"],"yoast_head":"<!-- This site is optimized with the Yoast SEO plugin v27.3 - https:\/\/yoast.com\/product\/yoast-seo-wordpress\/ -->\n<title>Privaatsustingimused<\/title>\n<meta name=\"description\" content=\"K\u00e4esolevad andmete t\u00f6\u00f6tlemise p\u00f5him\u00f5tted on kehtivad meie (https:\/\/lepnaelekter.ee) veebilehe kasutajatele ja...\" \/>\n<meta name=\"robots\" content=\"index, follow, max-snippet:-1, max-image-preview:large, max-video-preview:-1\" \/>\n<link rel=\"canonical\" href=\"https:\/\/lepnaelekter.ee\/?page_id=55494\" \/>\n<meta property=\"og:locale\" content=\"et_EE\" \/>\n<meta property=\"og:type\" content=\"article\" \/>\n<meta property=\"og:title\" content=\"Privaatsustingimused\" \/>\n<meta property=\"og:description\" content=\"K\u00e4esolevad andmete t\u00f6\u00f6tlemise p\u00f5him\u00f5tted on kehtivad meie (https:\/\/lepnaelekter.ee) veebilehe kasutajatele ja...\" \/>\n<meta property=\"og:url\" content=\"https:\/\/lepnaelekter.ee\/?page_id=55494\" \/>\n<meta property=\"og:site_name\" content=\"LEPNA ELEKTER O\u00dc\" \/>\n<meta name=\"twitter:card\" content=\"summary_large_image\" \/>\n<script type=\"application\/ld+json\" class=\"yoast-schema-graph\">{\"@context\":\"https:\\\/\\\/schema.org\",\"@graph\":[{\"@type\":\"WebPage\",\"@id\":\"https:\\\/\\\/lepnaelekter.ee\\\/?page_id=55494\",\"url\":\"https:\\\/\\\/lepnaelekter.ee\\\/?page_id=55494\",\"name\":\"Privaatsustingimused\",\"isPartOf\":{\"@id\":\"https:\\\/\\\/lepnaelekter.ee\\\/#website\"},\"datePublished\":\"2026-02-06T10:30:15+00:00\",\"description\":\"K\u00e4esolevad andmete t\u00f6\u00f6tlemise p\u00f5him\u00f5tted on kehtivad meie (https:\\\/\\\/lepnaelekter.ee) veebilehe kasutajatele ja...\",\"breadcrumb\":{\"@id\":\"https:\\\/\\\/lepnaelekter.ee\\\/?page_id=55494#breadcrumb\"},\"inLanguage\":\"et\",\"potentialAction\":[{\"@type\":\"ReadAction\",\"target\":[\"https:\\\/\\\/lepnaelekter.ee\\\/?page_id=55494\"]}]},{\"@type\":\"BreadcrumbList\",\"@id\":\"https:\\\/\\\/lepnaelekter.ee\\\/?page_id=55494#breadcrumb\",\"itemListElement\":[{\"@type\":\"ListItem\",\"position\":1,\"name\":\"Avaleht\",\"item\":\"https:\\\/\\\/lepnaelekter.ee\\\/\"},{\"@type\":\"ListItem\",\"position\":2,\"name\":\"Privaatsustingimused\"}]},{\"@type\":\"WebSite\",\"@id\":\"https:\\\/\\\/lepnaelekter.ee\\\/#website\",\"url\":\"https:\\\/\\\/lepnaelekter.ee\\\/\",\"name\":\"Teema0\",\"description\":\"Elektrilise mugavuse nimel!\",\"publisher\":{\"@id\":\"https:\\\/\\\/lepnaelekter.ee\\\/#organization\"},\"potentialAction\":[{\"@type\":\"SearchAction\",\"target\":{\"@type\":\"EntryPoint\",\"urlTemplate\":\"https:\\\/\\\/lepnaelekter.ee\\\/?s={search_term_string}\"},\"query-input\":{\"@type\":\"PropertyValueSpecification\",\"valueRequired\":true,\"valueName\":\"search_term_string\"}}],\"inLanguage\":\"et\"},{\"@type\":\"Organization\",\"@id\":\"https:\\\/\\\/lepnaelekter.ee\\\/#organization\",\"name\":\"LEPNA ELEKTER O\u00dc\",\"url\":\"https:\\\/\\\/lepnaelekter.ee\\\/\",\"logo\":{\"@type\":\"ImageObject\",\"inLanguage\":\"et\",\"@id\":\"https:\\\/\\\/lepnaelekter.ee\\\/#\\\/schema\\\/logo\\\/image\\\/\",\"url\":\"https:\\\/\\\/lepnaelekter.ee\\\/wp-content\\\/uploads\\\/2023\\\/12\\\/10294020_LEPNA-ELEKTER-OU_23796853_a_m.png\",\"contentUrl\":\"https:\\\/\\\/lepnaelekter.ee\\\/wp-content\\\/uploads\\\/2023\\\/12\\\/10294020_LEPNA-ELEKTER-OU_23796853_a_m.png\",\"width\":370,\"height\":370,\"caption\":\"LEPNA ELEKTER O\u00dc\"},\"image\":{\"@id\":\"https:\\\/\\\/lepnaelekter.ee\\\/#\\\/schema\\\/logo\\\/image\\\/\"}}]}<\/script>\n<!-- \/ Yoast SEO plugin. -->","yoast_head_json":{"title":"Privaatsustingimused","description":"K\u00e4esolevad andmete t\u00f6\u00f6tlemise p\u00f5him\u00f5tted on kehtivad meie (https:\/\/lepnaelekter.ee) veebilehe kasutajatele ja...","robots":{"index":"index","follow":"follow","max-snippet":"max-snippet:-1","max-image-preview":"max-image-preview:large","max-video-preview":"max-video-preview:-1"},"canonical":"https:\/\/lepnaelekter.ee\/?page_id=55494","og_locale":"et_EE","og_type":"article","og_title":"Privaatsustingimused","og_description":"K\u00e4esolevad andmete t\u00f6\u00f6tlemise p\u00f5him\u00f5tted on kehtivad meie (https:\/\/lepnaelekter.ee) veebilehe kasutajatele ja...","og_url":"https:\/\/lepnaelekter.ee\/?page_id=55494","og_site_name":"LEPNA ELEKTER O\u00dc","twitter_card":"summary_large_image","schema":{"@context":"https:\/\/schema.org","@graph":[{"@type":"WebPage","@id":"https:\/\/lepnaelekter.ee\/?page_id=55494","url":"https:\/\/lepnaelekter.ee\/?page_id=55494","name":"Privaatsustingimused","isPartOf":{"@id":"https:\/\/lepnaelekter.ee\/#website"},"datePublished":"2026-02-06T10:30:15+00:00","description":"K\u00e4esolevad andmete t\u00f6\u00f6tlemise p\u00f5him\u00f5tted on kehtivad meie (https:\/\/lepnaelekter.ee) veebilehe kasutajatele ja...","breadcrumb":{"@id":"https:\/\/lepnaelekter.ee\/?page_id=55494#breadcrumb"},"inLanguage":"et","potentialAction":[{"@type":"ReadAction","target":["https:\/\/lepnaelekter.ee\/?page_id=55494"]}]},{"@type":"BreadcrumbList","@id":"https:\/\/lepnaelekter.ee\/?page_id=55494#breadcrumb","itemListElement":[{"@type":"ListItem","position":1,"name":"Avaleht","item":"https:\/\/lepnaelekter.ee\/"},{"@type":"ListItem","position":2,"name":"Privaatsustingimused"}]},{"@type":"WebSite","@id":"https:\/\/lepnaelekter.ee\/#website","url":"https:\/\/lepnaelekter.ee\/","name":"Teema0","description":"Elektrilise mugavuse nimel!","publisher":{"@id":"https:\/\/lepnaelekter.ee\/#organization"},"potentialAction":[{"@type":"SearchAction","target":{"@type":"EntryPoint","urlTemplate":"https:\/\/lepnaelekter.ee\/?s={search_term_string}"},"query-input":{"@type":"PropertyValueSpecification","valueRequired":true,"valueName":"search_term_string"}}],"inLanguage":"et"},{"@type":"Organization","@id":"https:\/\/lepnaelekter.ee\/#organization","name":"LEPNA ELEKTER O\u00dc","url":"https:\/\/lepnaelekter.ee\/","logo":{"@type":"ImageObject","inLanguage":"et","@id":"https:\/\/lepnaelekter.ee\/#\/schema\/logo\/image\/","url":"https:\/\/lepnaelekter.ee\/wp-content\/uploads\/2023\/12\/10294020_LEPNA-ELEKTER-OU_23796853_a_m.png","contentUrl":"https:\/\/lepnaelekter.ee\/wp-content\/uploads\/2023\/12\/10294020_LEPNA-ELEKTER-OU_23796853_a_m.png","width":370,"height":370,"caption":"LEPNA ELEKTER O\u00dc"},"image":{"@id":"https:\/\/lepnaelekter.ee\/#\/schema\/logo\/image\/"}}]}},"_links":{"self":[{"href":"https:\/\/lepnaelekter.ee\/index.php?rest_route=\/wp\/v2\/pages\/55494","targetHints":{"allow":["GET"]}}],"collection":[{"href":"https:\/\/lepnaelekter.ee\/index.php?rest_route=\/wp\/v2\/pages"}],"about":[{"href":"https:\/\/lepnaelekter.ee\/index.php?rest_route=\/wp\/v2\/types\/page"}],"author":[{"embeddable":true,"href":"https:\/\/lepnaelekter.ee\/index.php?rest_route=\/wp\/v2\/users\/10"}],"replies":[{"embeddable":true,"href":"https:\/\/lepnaelekter.ee\/index.php?rest_route=%2Fwp%2Fv2%2Fcomments&post=55494"}],"version-history":[{"count":0,"href":"https:\/\/lepnaelekter.ee\/index.php?rest_route=\/wp\/v2\/pages\/55494\/revisions"}],"wp:attachment":[{"href":"https:\/\/lepnaelekter.ee\/index.php?rest_route=%2Fwp%2Fv2%2Fmedia&parent=55494"}],"curies":[{"name":"wp","href":"https:\/\/api.w.org\/{rel}","templated":true}]}}